{"id":9,"date":"2018-12-19T13:58:25","date_gmt":"2018-12-19T12:58:25","guid":{"rendered":"https:\/\/jossefiskarna.se\/?page_id=9"},"modified":"2026-01-18T21:54:33","modified_gmt":"2026-01-18T20:54:33","slug":"om-oss","status":"publish","type":"page","link":"https:\/\/jossefiskarna.se\/?page_id=9","title":{"rendered":"Om oss"},"content":{"rendered":"<p id=\"h.p_ID_32\" class=\"zfr3Q\">J\u00f6ssefiskarna \u00e4r en ideell f\u00f6rening som startade 1976. Klubben har ca 50 medlemmar. En del sysslar uteslutande med t\u00e4vlingsverksamhet medan andra hellre vill fiska p\u00e5 egen hand.<\/p>\n<p id=\"h.p_ID_34\" class=\"zfr3Q\">F\u00f6reningen har ett stort antal medlemmar som \u00e4r intresserade av t\u00e4vlingar. Av naturliga sk\u00e4l utg\u00f6r d\u00e4rmed t\u00e4vlingsfiske en stor del av f\u00f6reningens verksamhet. Seriet\u00e4vlingar ordnas s\u00e5v\u00e4l vinter som sommartid och gemensamma t\u00e4vlingar finns ocks\u00e5 genom samarbete med \u00f6vriga v\u00e4rml\u00e4ndska fiskeklubbar. Klubben har under \u00e5rens lopp haft medlemmar som kvalificerat sig till SM i mete och pimpel och d\u00e4r deltagit med framg\u00e5ngsrikt resultat. Det finns t ex juniorer som vunnit SM i b\u00e5de pimpel och mete.<\/p>\n<p id=\"h.p_ID_38\" class=\"zfr3Q\">Klubbens medlemmar medverkar ibland p\u00e5 skolornas friluftsdagar n\u00e4r fiske finns med som aktivitet. Skolan har m\u00f6jlighet att f\u00e5 utrustning till deltagare genom Sportfiskarnas projekt Klassdraget om ans\u00f6kan g\u00f6rs tillsammans med klubben.<\/p>\n<p id=\"h.p_ID_40\" class=\"zfr3Q\">Till \u00e5rligen \u00e5terkommande arrangemang h\u00f6r pimpelfiske en dag i sportlovsveckan f\u00f6r alla intresserade ungdomar.<\/p>\n<p id=\"h.p_ID_42\" class=\"zfr3Q\">Hos &#8221;Arvika Fiskecenter&#8221; p\u00e5 Storgatan i Arvika disponerar klubben en anslagstavla med klubbinformation och aktuella fisket\u00e4vlingar.<\/p>\n<p id=\"h.p_ID_44\" class=\"zfr3Q\"><em><strong>Medlemskap<\/strong><\/em><\/p>\n<p id=\"h.p_ID_46\" class=\"zfr3Q\">F\u00f6reningen \u00e4r \u00f6ppen f\u00f6r alla och medlem blir du genom att betala en blygsam medlemsavgift som \u00e5r 2026 \u00e4r 200 kr f\u00f6r seniorer, 300 kr f\u00f6r familj och 50 kr f\u00f6r juniorer till och med 19 \u00e5rs \u00e5lder. Vill du bli medlem kontaktar du n\u00e5gon i styrelsen som s\u00e4ljer medlemskort eller betalar in 200\/300 alt 50 kr p\u00e5 klubbens bankgirokonto 5723-8917 s\u00e5 skickar vi medlemskort till dig. Det g\u00e5r ocks\u00e5 bra att skicka betalning till klubben med Swish. Swishnumret \u00e4r 1230644484. F\u00f6r att delta i DM och SM t\u00e4vlingar m\u00e5ste du \u00e4ven vara medlem i Sportfiskarna. Kontakta Sportfiskarna 08-7044480 om du \u00e4r intresserad.<\/p>\n","protected":false},"excerpt":{"rendered":"<p>J\u00f6ssefiskarna \u00e4r en ideell f\u00f6rening som startade 1976. Klubben har ca 50 medlemmar. En del sysslar uteslutande med t\u00e4vlingsverksamhet medan andra hellre vill fiska p\u00e5 egen hand. F\u00f6reningen har ett stort antal medlemmar som \u00e4r intresserade av t\u00e4vlingar. Av naturliga sk\u00e4l utg\u00f6r d\u00e4rmed t\u00e4vlingsfiske en stor del av f\u00f6reningens verksamhet. Seriet\u00e4vlingar ordnas s\u00e5v\u00e4l vinter som &hellip; <\/p>\n<p class=\"link-more\"><a href=\"https:\/\/jossefiskarna.se\/?page_id=9\" class=\"more-link\">Forts\u00e4tt l\u00e4sa<span class=\"screen-reader-text\"> \u201dOm oss\u201d<\/span><\/a><\/p>\n","protected":false},"author":1,"featured_media":0,"parent":0,"menu_order":0,"comment_status":"closed","ping_status":"closed","template":"","meta":{"spay_email":""},"jetpack_sharing_enabled":true,"jetpack_shortlink":"https:\/\/wp.me\/Paygpm-9","_links":{"self":[{"href":"https:\/\/jossefiskarna.se\/index.php?rest_route=\/wp\/v2\/pages\/9"}],"collection":[{"href":"https:\/\/jossefiskarna.se\/index.php?rest_route=\/wp\/v2\/pages"}],"about":[{"href":"https:\/\/jossefiskarna.se\/index.php?rest_route=\/wp\/v2\/types\/page"}],"author":[{"embeddable":true,"href":"https:\/\/jossefiskarna.se\/index.php?rest_route=\/wp\/v2\/users\/1"}],"replies":[{"embeddable":true,"href":"https:\/\/jossefiskarna.se\/index.php?rest_route=%2Fwp%2Fv2%2Fcomments&post=9"}],"version-history":[{"count":11,"href":"https:\/\/jossefiskarna.se\/index.php?rest_route=\/wp\/v2\/pages\/9\/revisions"}],"predecessor-version":[{"id":1022,"href":"https:\/\/jossefiskarna.se\/index.php?rest_route=\/wp\/v2\/pages\/9\/revisions\/1022"}],"wp:attachment":[{"href":"https:\/\/jossefiskarna.se\/index.php?rest_route=%2Fwp%2Fv2%2Fmedia&parent=9"}],"curies":[{"name":"wp","href":"https:\/\/api.w.org\/{rel}","templated":true}]}}