{"id":8,"date":"2018-12-19T13:58:25","date_gmt":"2018-12-19T12:58:25","guid":{"rendered":"https:\/\/jossefiskarna.se\/?page_id=8"},"modified":"2018-12-23T17:45:44","modified_gmt":"2018-12-23T16:45:44","slug":"startsida","status":"publish","type":"page","link":"https:\/\/jossefiskarna.se\/","title":{"rendered":"Startsida"},"content":{"rendered":"<p><strong>V\u00e4lkomna till J\u00f6ssefiskarna!<\/strong><\/p>\n<p id=\"h.p_ID_32\" class=\"zfr3Q\">Distriktets telefonsvarare \u00e4r nedlagd och ersatt av nedanst\u00e5ende blogg:<br \/>\n<a class=\"dhtgD\" href=\"http:\/\/sportfiskarnavarmland.blogspot.se\/\" target=\"_blank\" rel=\"noopener\">http:\/\/sportfiskarnavarmland.blogspot.se<\/a><\/p>\n<p id=\"h.p_ID_36\" class=\"zfr3Q\">H\u00e4r kommer aktuell information om kommande t\u00e4vlingar i V\u00e4rmland att finnas.<br \/>\nF\u00f6r J\u00f6ssefiskarnas interna t\u00e4vlingar kommer meddelanden att finnas p\u00e5 klubbens hemsida. Aktuellt telefonnummer till Sportfiskarna: 08-7044480<\/p>\n","protected":false},"excerpt":{"rendered":"<p>V\u00e4lkomna till J\u00f6ssefiskarna! Distriktets telefonsvarare \u00e4r nedlagd och ersatt av nedanst\u00e5ende blogg: http:\/\/sportfiskarnavarmland.blogspot.se H\u00e4r kommer aktuell information om kommande t\u00e4vlingar i V\u00e4rmland att finnas. F\u00f6r J\u00f6ssefiskarnas interna t\u00e4vlingar kommer meddelanden att finnas p\u00e5 klubbens hemsida. Aktuellt telefonnummer till Sportfiskarna: 08-7044480<\/p>\n","protected":false},"author":1,"featured_media":0,"parent":0,"menu_order":0,"comment_status":"closed","ping_status":"closed","template":"","meta":{"spay_email":""},"jetpack_sharing_enabled":true,"jetpack_shortlink":"https:\/\/wp.me\/Paygpm-8","_links":{"self":[{"href":"https:\/\/jossefiskarna.se\/index.php?rest_route=\/wp\/v2\/pages\/8"}],"collection":[{"href":"https:\/\/jossefiskarna.se\/index.php?rest_route=\/wp\/v2\/pages"}],"about":[{"href":"https:\/\/jossefiskarna.se\/index.php?rest_route=\/wp\/v2\/types\/page"}],"author":[{"embeddable":true,"href":"https:\/\/jossefiskarna.se\/index.php?rest_route=\/wp\/v2\/users\/1"}],"replies":[{"embeddable":true,"href":"https:\/\/jossefiskarna.se\/index.php?rest_route=%2Fwp%2Fv2%2Fcomments&post=8"}],"version-history":[{"count":4,"href":"https:\/\/jossefiskarna.se\/index.php?rest_route=\/wp\/v2\/pages\/8\/revisions"}],"predecessor-version":[{"id":157,"href":"https:\/\/jossefiskarna.se\/index.php?rest_route=\/wp\/v2\/pages\/8\/revisions\/157"}],"wp:attachment":[{"href":"https:\/\/jossefiskarna.se\/index.php?rest_route=%2Fwp%2Fv2%2Fmedia&parent=8"}],"curies":[{"name":"wp","href":"https:\/\/api.w.org\/{rel}","templated":true}]}}