{"id":10,"date":"2018-12-19T13:58:25","date_gmt":"2018-12-19T12:58:25","guid":{"rendered":"https:\/\/jossefiskarna.se\/?page_id=10"},"modified":"2025-04-14T19:32:08","modified_gmt":"2025-04-14T18:32:08","slug":"kontakta-oss","status":"publish","type":"page","link":"https:\/\/jossefiskarna.se\/?page_id=10","title":{"rendered":"Kontakta oss"},"content":{"rendered":"<p><strong>Styrelse<\/strong><\/p>\n<table border=\"1\" width=\"90%\" cellspacing=\"0\" cellpadding=\"3\" data-table-local-id=\"table-6\">\n<tbody>\n<tr>\n<td width=\"15%\"><span style=\"font-family: Arial; font-size: small;\">Ordf\u00f6rande<\/span><\/td>\n<td width=\"19%\">Robert Sj\u00f6berg<\/td>\n<td width=\"34%\"><span style=\"font-family: Arial; font-size: small;\">\u00a0Tasebo Nyback, 671 95 Kl\u00e4ssbol<\/span><\/td>\n<td width=\"12%\">070-5567855<\/td>\n<td width=\"18%\">robert.tasebo@gmail.com<\/td>\n<\/tr>\n<tr>\n<td width=\"15%\"><span style=\"font-family: Arial; font-size: small;\">Sekreterare<\/span><\/td>\n<td width=\"19%\"><span style=\"font-family: Arial; font-size: small;\">Simon Olsheden<\/span><\/td>\n<td width=\"34%\">Humslid, 67195 Kl\u00e4ssbol<\/td>\n<td width=\"12%\">072-5051998<\/td>\n<td width=\"18%\">\u00a0<\/td>\n<\/tr>\n<tr>\n<td width=\"15%\"><span style=\"font-family: Arial; font-size: small;\">Kass\u00f6r<\/span><\/td>\n<td width=\"19%\"><span style=\"font-family: Arial; font-size: small;\">Ulrika Skau<\/span><\/td>\n<td width=\"34%\"><span style=\"font-family: Arial; font-size: small;\">Bandgatan 6B, 67132 Arvika<\/span><\/td>\n<td width=\"12%\"><span style=\"font-family: Arial; font-size: small;\">076-8336647<\/span><\/td>\n<td width=\"18%\">ullenjohansson@gmail.com<\/td>\n<\/tr>\n<tr>\n<td width=\"15%\"><span style=\"font-family: Arial; font-size: small;\">Ledamot<\/span><\/td>\n<td width=\"19%\"><span style=\"font-size: small;\">Martin Danielsson<\/span><\/td>\n<td width=\"34%\"><span style=\"font-size: small;\">V\u00e4stra J\u00f6ssefors,. 67193 Arvika<\/span><\/td>\n<td width=\"12%\"><span style=\"font-size: small;\">0570-85017<\/span><\/td>\n<td width=\"18%\">\u00a0<\/td>\n<\/tr>\n<tr>\n<td width=\"15%\"><span style=\"font-family: Arial; font-size: small;\">Ledamot<\/span><\/td>\n<td width=\"19%\"><span style=\"font-family: Arial; font-size: small;\">Johnny Andersson<\/span><\/td>\n<td width=\"34%\"><span style=\"font-family: Arial; font-size: small;\">Brunskog, 67142 Arvika<\/span><\/td>\n<td width=\"12%\"><span style=\"font-size: small;\">0570-776128<\/span><\/td>\n<td width=\"18%\">\u00a0<\/td>\n<\/tr>\n<tr>\n<td width=\"15%\"><span style=\"font-family: Arial; font-size: small;\">Suppleant<\/span><\/td>\n<td width=\"19%\"><span style=\"font-size: small;\">Christer Skau<\/span><\/td>\n<td width=\"34%\"><span style=\"font-size: small;\">Bandgatan 6B, 671 32 Arvika<\/span><\/td>\n<td width=\"12%\">070-2303265<\/td>\n<td width=\"18%\">\u00a0<\/td>\n<\/tr>\n<tr>\n<td width=\"15%\"><span style=\"font-family: Arial; font-size: small;\">Suppleant<\/span><\/td>\n<td width=\"19%\"><span style=\"font-family: Arial; font-size: small;\">John H\u00f6glund<\/span><\/td>\n<td width=\"34%\"><span style=\"font-size: small;\">Bj\u00f6rkebol, V\u00e4stby, 672 93 \u00c5rj\u00e4ng<\/span><\/td>\n<td width=\"12%\">\u00a0<\/td>\n<td width=\"18%\">\u00a0<\/td>\n<\/tr>\n<\/tbody>\n<\/table>\n<p><strong>T\u00e4vlingskommite<\/strong><\/p>\n<p>Martin Larsson, Kl\u00e4ssbolsv\u00e4gen 11B, 67195 Kl\u00e4ssbol, 073-0257144<\/p>\n<p>Lars Karmlind, K\u00e4llgatan 24 A, 671 30 Arvika, 073-844348<\/p>\n<table style=\"height: 266px;\" border=\"1\" width=\"671\" cellspacing=\"0\" cellpadding=\"3\" data-table-local-id=\"table-7\">\n<tbody>\n<tr>\n<td width=\"24%\" height=\"16\"><span style=\"font-family: Arial; font-size: small;\">Christer Skau, T\u00e4vlingsledare<\/span><\/td>\n<td width=\"35%\" height=\"16\"><span style=\"font-family: Arial; font-size: small;\">Bandgatan 6B, 671 32 Arvika<\/span><\/td>\n<td width=\"41%\" height=\"16\"><span style=\"font-family: Arial; font-size: small;\">070-2303265<\/span><\/td>\n<\/tr>\n<tr>\n<td width=\"24%\" height=\"16\"><span style=\"font-family: Arial; font-size: small;\">Kjell Eriksson<\/span><\/td>\n<td width=\"35%\" height=\"16\"><span style=\"font-family: Arial; font-size: small;\">Norra N\u00e4s 4, 664 92 V\u00e4rmskog<\/span><\/td>\n<td width=\"41%\" height=\"16\"><span style=\"font-family: Arial; font-size: small;\">070-3105073<\/span><\/td>\n<\/tr>\n<tr>\n<td width=\"24%\" height=\"16\"><span style=\"font-family: Arial; font-size: small;\">Alf H\u00f6glund<\/span><\/td>\n<td width=\"35%\" height=\"16\"><span style=\"font-family: Arial; font-size: small;\">Brunnshusv\u00e4gen 22, 67150 Arvika<\/span><\/td>\n<td width=\"41%\" height=\"16\">\n<p>\u00a0<\/p>\n<p><span style=\"font-family: Arial; font-size: small;\">070-6254659<\/span><\/p>\n<\/td>\n<\/tr>\n<tr>\n<td>\n<p>\u00a0Stefan \u00d6hlin<\/p>\n<\/td>\n<td>\n<p>Vallfartsv. 16, 671 93 Arvika<\/p>\n<\/td>\n<td>\n<p>\u00a0070-6254659<\/p>\n<\/td>\n<\/tr>\n<\/tbody>\n<\/table>\n<p><strong>Trollingkommite:<\/strong><\/p>\n<p>Per-Erik Sj\u00f6qvist och Martin Danielsson<\/p>\n<p><strong>Ungdomskommite<\/strong><\/p>\n<table border=\"1\" width=\"90%\" cellspacing=\"0\" cellpadding=\"3\" data-table-local-id=\"table-8\">\n<tbody>\n<tr>\n<td width=\"20%\"><span style=\"font-family: Arial; font-size: small;\">Johnny Andersson<\/span><\/td>\n<td width=\"27%\"><span style=\"font-family: Arial; font-size: small;\">Brunskog, 67194 Edane<\/span><\/td>\n<td width=\"13%\">\u00a0070-6596005<\/td>\n<td width=\"20%\">\u00a0<\/td>\n<td width=\"20%\">\u00a0<\/td>\n<\/tr>\n<tr>\n<td width=\"20%\"><span style=\"font-family: Arial; font-size: small;\">Christer Skau<\/span><\/td>\n<td width=\"27%\"><span style=\"font-family: Arial; font-size: small;\">Bandgatan 6B, 67132 Arvika<\/span><\/td>\n<td width=\"13%\"><span style=\"font-family: Arial; font-size: small;\">070-2303265<\/span><\/td>\n<td width=\"20%\">\u00a0<\/td>\n<td width=\"20%\">\u00a0<\/td>\n<\/tr>\n<tr>\n<td width=\"20%\">\u00a0<\/td>\n<td width=\"27%\">\u00a0<\/td>\n<td width=\"13%\">\u00a0<\/td>\n<td width=\"20%\">\u00a0<\/td>\n<td width=\"20%\">\u00a0<\/td>\n<\/tr>\n<\/tbody>\n<\/table>\n<p id=\"h.p_ID_114\" class=\"zfr3Q\"><strong>Valberedning<\/strong>:Alf H\u00f6glund och Martin Larsson<\/p>\n<p><strong>Revisorer:<\/strong> Anna Eriksson, Peter Eriksson<\/p>\n<p><strong>Revisorssuppl:<\/strong> Kjell Eriksson<\/p>\n<p id=\"h.p_ID_116\" class=\"zfr3Q\"><strong>Uppdatering hemsida:<\/strong> Margareta Bj\u00f6rn<\/p>\n<p>\u00a0<\/p>\n\n<div class=\"wpforms-container wpforms-container-full\" id=\"wpforms-143\"><form id=\"wpforms-form-143\" class=\"wpforms-validate wpforms-form\" data-formid=\"143\" method=\"post\" enctype=\"multipart\/form-data\" action=\"\/index.php?rest_route=%2Fwp%2Fv2%2Fpages%2F10\" data-token=\"a13d011ecf66f1a53eb67c28f426d0e5\"><noscript class=\"wpforms-error-noscript\">Aktivera JavaScript i din webbl\u00e4sare f\u00f6r att slutf\u00f6ra detta formul\u00e4r.<\/noscript><div class=\"wpforms-field-container\"><div id=\"wpforms-143-field_0-container\" class=\"wpforms-field wpforms-field-name\" data-field-id=\"0\"><label class=\"wpforms-field-label\" for=\"wpforms-143-field_0\">Namn <span class=\"wpforms-required-label\">*<\/span><\/label><div class=\"wpforms-field-row wpforms-field-medium\"><div class=\"wpforms-field-row-block wpforms-first wpforms-one-half\"><input type=\"text\" id=\"wpforms-143-field_0\" class=\"wpforms-field-name-first wpforms-field-required\" name=\"wpforms[fields][0][first]\" required><label for=\"wpforms-143-field_0\" class=\"wpforms-field-sublabel after \">F\u00f6rst<\/label><\/div><div class=\"wpforms-field-row-block wpforms-one-half\"><input type=\"text\" id=\"wpforms-143-field_0-last\" class=\"wpforms-field-name-last wpforms-field-required\" name=\"wpforms[fields][0][last]\" required><label for=\"wpforms-143-field_0-last\" class=\"wpforms-field-sublabel after \">Sist<\/label><\/div><\/div><\/div><div id=\"wpforms-143-field_1-container\" class=\"wpforms-field wpforms-field-email\" data-field-id=\"1\"><label class=\"wpforms-field-label\" for=\"wpforms-143-field_1\">Email <span class=\"wpforms-required-label\">*<\/span><\/label><input type=\"email\" id=\"wpforms-143-field_1\" class=\"wpforms-field-medium wpforms-field-required\" name=\"wpforms[fields][1]\" required><\/div><div id=\"wpforms-143-field_2-container\" class=\"wpforms-field wpforms-field-textarea\" data-field-id=\"2\"><label class=\"wpforms-field-label\" for=\"wpforms-143-field_2\">Meddelande <span class=\"wpforms-required-label\">*<\/span><\/label><textarea id=\"wpforms-143-field_2\" class=\"wpforms-field-medium wpforms-field-required\" name=\"wpforms[fields][2]\" required><\/textarea><\/div><\/div><div class=\"wpforms-field wpforms-field-hp\"><label for=\"wpforms-143-field-hp\" class=\"wpforms-field-label\">Phone<\/label><input type=\"text\" name=\"wpforms[hp]\" id=\"wpforms-143-field-hp\" class=\"wpforms-field-medium\"><\/div><div class=\"wpforms-submit-container\"><input type=\"hidden\" name=\"wpforms[id]\" value=\"143\"><input type=\"hidden\" name=\"wpforms[author]\" value=\"1\"><button type=\"submit\" name=\"wpforms[submit]\" id=\"wpforms-submit-143\" class=\"wpforms-submit\" data-alt-text=\"Sending...\" data-submit-text=\"Submit\" aria-live=\"assertive\" value=\"wpforms-submit\">Submit<\/button><\/div><\/form><\/div>  <!-- .wpforms-container -->","protected":false},"excerpt":{"rendered":"<p>Styrelse Ordf\u00f6rande Robert Sj\u00f6berg \u00a0Tasebo Nyback, 671 95 Kl\u00e4ssbol 070-5567855 robert.tasebo@gmail.com Sekreterare Simon Olsheden Humslid, 67195 Kl\u00e4ssbol 072-5051998 \u00a0 Kass\u00f6r Ulrika Skau Bandgatan 6B, 67132 Arvika 076-8336647 ullenjohansson@gmail.com Ledamot Martin Danielsson V\u00e4stra J\u00f6ssefors,. 67193 Arvika 0570-85017 \u00a0 Ledamot Johnny Andersson Brunskog, 67142 Arvika 0570-776128 \u00a0 Suppleant Christer Skau Bandgatan 6B, 671 32 Arvika 070-2303265 \u00a0 &hellip; <\/p>\n<p class=\"link-more\"><a href=\"https:\/\/jossefiskarna.se\/?page_id=10\" class=\"more-link\">Forts\u00e4tt l\u00e4sa<span class=\"screen-reader-text\"> \u201dKontakta oss\u201d<\/span><\/a><\/p>\n","protected":false},"author":1,"featured_media":0,"parent":0,"menu_order":0,"comment_status":"closed","ping_status":"closed","template":"","meta":{"spay_email":""},"jetpack_sharing_enabled":true,"jetpack_shortlink":"https:\/\/wp.me\/Paygpm-a","_links":{"self":[{"href":"https:\/\/jossefiskarna.se\/index.php?rest_route=\/wp\/v2\/pages\/10"}],"collection":[{"href":"https:\/\/jossefiskarna.se\/index.php?rest_route=\/wp\/v2\/pages"}],"about":[{"href":"https:\/\/jossefiskarna.se\/index.php?rest_route=\/wp\/v2\/types\/page"}],"author":[{"embeddable":true,"href":"https:\/\/jossefiskarna.se\/index.php?rest_route=\/wp\/v2\/users\/1"}],"replies":[{"embeddable":true,"href":"https:\/\/jossefiskarna.se\/index.php?rest_route=%2Fwp%2Fv2%2Fcomments&post=10"}],"version-history":[{"count":24,"href":"https:\/\/jossefiskarna.se\/index.php?rest_route=\/wp\/v2\/pages\/10\/revisions"}],"predecessor-version":[{"id":957,"href":"https:\/\/jossefiskarna.se\/index.php?rest_route=\/wp\/v2\/pages\/10\/revisions\/957"}],"wp:attachment":[{"href":"https:\/\/jossefiskarna.se\/index.php?rest_route=%2Fwp%2Fv2%2Fmedia&parent=10"}],"curies":[{"name":"wp","href":"https:\/\/api.w.org\/{rel}","templated":true}]}}